{"id":247,"date":"2023-11-27T10:43:24","date_gmt":"2023-11-27T09:43:24","guid":{"rendered":"https:\/\/valid.mendelu.cz\/?page_id=247"},"modified":"2023-11-27T10:54:35","modified_gmt":"2023-11-27T09:54:35","slug":"mendel-universitaet-in-bruenn-fakultaet-fuer-forst-und-holzwissenschaft-department-fuer-holzwissenschaft-und-holztechnologie","status":"publish","type":"page","link":"https:\/\/valid.mendelu.cz\/?page_id=247","title":{"rendered":"Mendel Universit\u00e4t in Br\u00fcnn, Fakult\u00e4t f\u00fcr Forst- und Holzwissenschaft, Department f\u00fcr Holzwissenschaft und Holztechnologie"},"content":{"rendered":"<p class=\"western\">In seinen Forschungs- und Bildungsaktivit\u00e4ten konzentriert sich das Department haupts\u00e4chlich auf die Holzstrukturanalyse und Holzartbestimmung, Dendrochronologie, \u00dcberwachung von Holzbildungsprozessen, physikalische und mechanische Eigenschaften, Modellierung des Holzverhaltens und seine Wechselwirkung mit physikalischen Feldern, Holzabbauprozesse, Holzschutz und Holzkonservierung, Trocknung und Modifikation von Holz, Baumbiomechanik, Holzbearbeitung, Entwicklung von neuen Verbundwerkstoffen auf Holzbasis, S\u00e4gewerksproduktion, Bautischlerei, Holzkonstruktionen und Holzbau. Forschungs- und Bildungsaktivit\u00e4ten werden im Josef Ressel Forschungszentrum (VCJR) in \u00dat\u011bchov durchgef\u00fchrt. Seit 2015 befinden sich hier Laboratorien f\u00fcr Lehre und Forschung, mit dem Schwerpunkt Holz als nachwachsenden Rohstoff. Die neu entworfenen Technologien, Materialien, Halbfertigprodukte, Produkte oder deren Teile k\u00f6nnen dank der speziellen Ausstattung der VCJR-Labors ausf\u00fchrlich untersucht und modifiziert werden.<\/p>\n<p class=\"western\">Die derzeit befassende Problematik umfasst auch die Entwicklung von umweltfreundlichen Holzwerkstoffen und Optimierung spezifischer physikalischen und \/ oder mechanischen Eigenschaften von Massivholz im Hinblick auf seine Verwertung f\u00fcr bestimmte Anwendung.<\/p>\n<div style=\"width: 310px\" class=\"wp-caption aligncenter\"><a href=\"http:\/\/mendelu.cz\/en\/\"><img loading=\"lazy\" decoding=\"async\" src=\"https:\/\/rumex.mendelu.cz\/valid\/wp-content\/uploads\/2020\/04\/mendel_university_logo-eng_cmyk_0-300x219.jpg\" alt=\"\" width=\"300\" height=\"219\" \/><\/a><p class=\"wp-caption-text\"><a href=\"http:\/\/mendelu.cz\/en\/\">Mendel-Universit\u00e4t in Br\u00fcnn<\/a><\/p><\/div>\n","protected":false},"excerpt":{"rendered":"<p>In seinen Forschungs- und Bildungsaktivit\u00e4ten konzentriert sich das Department haupts\u00e4chlich auf die Holzstrukturanalyse und Holzartbestimmung, Dendrochronologie, \u00dcberwachung von Holzbildungsprozessen, physikalische und mechanische Eigenschaften, Modellierung des Holzverhaltens und seine Wechselwirkung mit physikalischen Feldern, Holzabbauprozesse, Holzschutz und Holzkonservierung, Trocknung und Modifikation von&#8230;<br \/><a class=\"read-more-button\" href=\"https:\/\/valid.mendelu.cz\/?page_id=247\">Mehr Lesen<\/a><\/p>\n","protected":false},"author":4,"featured_media":0,"parent":0,"menu_order":0,"comment_status":"closed","ping_status":"closed","template":"","meta":{"footnotes":""},"_links":{"self":[{"href":"https:\/\/valid.mendelu.cz\/index.php?rest_route=\/wp\/v2\/pages\/247"}],"collection":[{"href":"https:\/\/valid.mendelu.cz\/index.php?rest_route=\/wp\/v2\/pages"}],"about":[{"href":"https:\/\/valid.mendelu.cz\/index.php?rest_route=\/wp\/v2\/types\/page"}],"author":[{"embeddable":true,"href":"https:\/\/valid.mendelu.cz\/index.php?rest_route=\/wp\/v2\/users\/4"}],"replies":[{"embeddable":true,"href":"https:\/\/valid.mendelu.cz\/index.php?rest_route=%2Fwp%2Fv2%2Fcomments&post=247"}],"version-history":[{"count":2,"href":"https:\/\/valid.mendelu.cz\/index.php?rest_route=\/wp\/v2\/pages\/247\/revisions"}],"predecessor-version":[{"id":256,"href":"https:\/\/valid.mendelu.cz\/index.php?rest_route=\/wp\/v2\/pages\/247\/revisions\/256"}],"wp:attachment":[{"href":"https:\/\/valid.mendelu.cz\/index.php?rest_route=%2Fwp%2Fv2%2Fmedia&parent=247"}],"curies":[{"name":"wp","href":"https:\/\/api.w.org\/{rel}","templated":true}]}}