{"id":233,"date":"2021-07-12T13:46:46","date_gmt":"2021-07-12T11:46:46","guid":{"rendered":"https:\/\/valid.mendelu.cz\/?page_id=233"},"modified":"2021-07-12T13:46:46","modified_gmt":"2021-07-12T11:46:46","slug":"partikelmessgeraet-dynamische-bildanalyse","status":"publish","type":"page","link":"https:\/\/valid.mendelu.cz\/?page_id=233","title":{"rendered":"Partikelmessger\u00e4t \u2013 Dynamische Bildanalyse"},"content":{"rendered":"<p align=\"justify\"><span lang=\"de-DE\">Das Partikelmessger\u00e4t QICPIC von der Firma Sympatec GmbH erm\u00f6glicht die Charakterisierung von Partikeln von &lt; 1 <\/span><span lang=\"de-DE\">\u00b5m bis 34000 \u00b5m. Die Partikel werden f\u00fcr die Messung trocken oder nass dispergiert und anschlie\u00dfend durch eine Pulslichtquelle mit Belichtungszeiten im Nanosekundenbereich beleuchtet und durch eine Hochgeschwindigkeitskamera erfasst. Die Bilder werden durch die Software als Partikelverteilungen hinsichtlich Gr\u00f6\u00dfe, Form und Anzahl ausgewertet. Es bietet sich somit als eine schnelle Alternative zur Siebanalyse an. Daf\u00fcr bietet die Auswertungssoftware die M\u00f6glichkeit von verschiedenen Auswertungsmodi, wie Formparametern und volumenbasierten Partikelmodellen.<\/span><\/p>\n<table width=\"586\" cellspacing=\"0\" cellpadding=\"7\">\n<colgroup>\n<col width=\"136\" \/>\n<col width=\"137\" \/>\n<col width=\"122\" \/>\n<col width=\"132\" \/> <\/colgroup>\n<tbody>\n<tr valign=\"top\">\n<td width=\"136\"><\/td>\n<td width=\"137\">\n<p align=\"center\">Bildanalyse Trocken<\/p>\n<\/td>\n<td width=\"122\">\n<p align=\"center\">Bildanalyse Trocken<\/p>\n<\/td>\n<td width=\"132\">\n<p align=\"center\">Bildanalyse Nass<\/p>\n<\/td>\n<\/tr>\n<tr valign=\"top\">\n<td width=\"136\">Dispergiersystem<\/td>\n<td width=\"137\">Sympatec Rhodos<\/td>\n<td width=\"122\">Sympatec Gradis<\/td>\n<td width=\"132\">Sympatec Lixell<\/td>\n<\/tr>\n<tr valign=\"top\">\n<td width=\"136\">Messbereich<\/td>\n<td width=\"137\">1,8 <span lang=\"de-DE\">\u00b5m <\/span>\u2013<span lang=\"de-DE\"> 4000 \u00b5m<\/span><\/td>\n<td width=\"122\">5 <span lang=\"de-DE\">\u00b5m <\/span>\u2013<span lang=\"de-DE\"> 10000 \u00b5m<\/span><\/td>\n<td width=\"132\">1 <span lang=\"de-DE\">\u00b5m <\/span>\u2013<span lang=\"de-DE\"> 2000 \u00b5m<\/span><\/td>\n<\/tr>\n<tr valign=\"top\">\n<td width=\"136\">Probenmenge<\/td>\n<td width=\"137\">0,5 mg \u2013 1000 g<\/td>\n<td width=\"122\">10 g \u2013 1000 g<\/td>\n<td width=\"132\">20 ml \u2013 5 l\/min<\/td>\n<\/tr>\n<tr valign=\"top\">\n<td width=\"136\">Geeignet f\u00fcr<\/td>\n<td width=\"137\">Pulver, Fasern, Pharmagranulate, Metallpulver, Kunststoffgranulate<\/td>\n<td width=\"122\">Pulver, Fasern, Granulate, Gie\u00dfereisande, Waschpulver<\/td>\n<td width=\"132\">Suspensionen, Emulsionen, Pulver, Fasern, Bodenproben, Mikrokugeln<\/td>\n<\/tr>\n<tr valign=\"top\">\n<td width=\"136\">Typische Applikationen<\/td>\n<td width=\"137\">Methylcellulose, Kaffee, Holzfasern<\/td>\n<td width=\"122\">Milchpulver<\/td>\n<td width=\"132\">Fruchtsaft, Nitrozellulose<\/td>\n<\/tr>\n<tr valign=\"top\">\n<td width=\"136\">Eingesetzt zur Kontrolle von<\/td>\n<td width=\"137\">Zerkleinern, Granulieren,<br \/>\nMischen,<br \/>\nKlassieren<\/td>\n<td width=\"122\">Zerkleinern, Granulieren, Mischen, Klassifizieren<\/td>\n<td width=\"132\">Zerkleinern, Klassifizieren, Mischen, Homogenisieren, Partikelsynthese<\/td>\n<\/tr>\n<\/tbody>\n<\/table>\n<p>Die Software bietet die M\u00f6glichkeit, die Partikel je nach Charakter auszuwerten. Daf\u00fcr stehen unterschiedliche M\u00f6glichkeiten zur Bestimmung der Partikelgr\u00f6\u00dfe zur Verf\u00fcgung. So k\u00f6nnen beispielsweise faserf\u00f6rmige und ebenfalls verzweigte Partikel optimal nach Durchmesser und L\u00e4nge bestimmt werden.<\/p>\n<p style=\"text-align: center;\"><a href=\"https:\/\/valid.mendelu.cz\/wp-content\/uploads\/2021\/07\/maschine.png\"><img loading=\"lazy\" decoding=\"async\" class=\"aligncenter size-full wp-image-234\" src=\"https:\/\/valid.mendelu.cz\/wp-content\/uploads\/2021\/07\/maschine.png\" alt=\"\" width=\"729\" height=\"547\" srcset=\"https:\/\/valid.mendelu.cz\/wp-content\/uploads\/2021\/07\/maschine.png 729w, https:\/\/valid.mendelu.cz\/wp-content\/uploads\/2021\/07\/maschine-300x225.png 300w\" sizes=\"(max-width: 729px) 100vw, 729px\" \/><\/a><\/p>\n<p align=\"justify\">\n","protected":false},"excerpt":{"rendered":"<p>Das Partikelmessger\u00e4t QICPIC von der Firma Sympatec GmbH erm\u00f6glicht die Charakterisierung von Partikeln von &lt; 1 \u00b5m bis 34000 \u00b5m. Die Partikel werden f\u00fcr die Messung trocken oder nass dispergiert und anschlie\u00dfend durch eine Pulslichtquelle mit Belichtungszeiten im Nanosekundenbereich beleuchtet&#8230;<br \/><a class=\"read-more-button\" href=\"https:\/\/valid.mendelu.cz\/?page_id=233\">Mehr Lesen<\/a><\/p>\n","protected":false},"author":4,"featured_media":0,"parent":0,"menu_order":0,"comment_status":"closed","ping_status":"closed","template":"","meta":{"footnotes":""},"_links":{"self":[{"href":"https:\/\/valid.mendelu.cz\/index.php?rest_route=\/wp\/v2\/pages\/233"}],"collection":[{"href":"https:\/\/valid.mendelu.cz\/index.php?rest_route=\/wp\/v2\/pages"}],"about":[{"href":"https:\/\/valid.mendelu.cz\/index.php?rest_route=\/wp\/v2\/types\/page"}],"author":[{"embeddable":true,"href":"https:\/\/valid.mendelu.cz\/index.php?rest_route=\/wp\/v2\/users\/4"}],"replies":[{"embeddable":true,"href":"https:\/\/valid.mendelu.cz\/index.php?rest_route=%2Fwp%2Fv2%2Fcomments&post=233"}],"version-history":[{"count":1,"href":"https:\/\/valid.mendelu.cz\/index.php?rest_route=\/wp\/v2\/pages\/233\/revisions"}],"predecessor-version":[{"id":236,"href":"https:\/\/valid.mendelu.cz\/index.php?rest_route=\/wp\/v2\/pages\/233\/revisions\/236"}],"wp:attachment":[{"href":"https:\/\/valid.mendelu.cz\/index.php?rest_route=%2Fwp%2Fv2%2Fmedia&parent=233"}],"curies":[{"name":"wp","href":"https:\/\/api.w.org\/{rel}","templated":true}]}}